{"id":14806,"date":"2026-04-24T06:45:17","date_gmt":"2026-04-24T06:45:17","guid":{"rendered":"https:\/\/guru.legal\/?page_id=14806"},"modified":"2026-04-24T06:58:17","modified_gmt":"2026-04-24T06:58:17","slug":"armando-contreras","status":"publish","type":"page","link":"https:\/\/guru.legal\/en\/armando-contreras\/","title":{"rendered":"Armando Contreras"},"content":{"rendered":"<div data-elementor-type=\"wp-page\" data-elementor-id=\"14806\" class=\"elementor elementor-14806\" data-elementor-post-type=\"page\">\n\t\t\t\t<div class=\"elementor-element elementor-element-41e29531 e-flex e-con-boxed e-con e-parent\" data-id=\"41e29531\" data-element_type=\"container\" data-e-type=\"container\" data-settings=\"{&quot;background_background&quot;:&quot;classic&quot;}\">\n\t\t\t\t\t<div class=\"e-con-inner\">\n\t\t\t\t<div class=\"elementor-element elementor-element-aa0d2c1 text-center elementor-widget elementor-widget-tp-heading-title\" data-id=\"aa0d2c1\" data-element_type=\"widget\" data-e-type=\"widget\" data-widget_type=\"tp-heading-title.default\">\n\t\t\t\t\t<div class=\"heading heading_style heading_style69eb934836f23 style-1\"  data-tp-gsap-heading-text=\"\" data-tp-gsap-sub-heading-text=\"\"><div class=\"sub-style\" ><div class=\"head-title\" > <h1  class=\"heading-title\"  data-hover=\"Armando Contreras\">Armando Contreras<span class=\"title-s\">  <\/span><\/h1><\/div><\/div><\/div>\t\t\t\t<\/div>\n\t\t\t\t\t<\/div>\n\t\t\t\t<\/div>\n\t\t<div class=\"elementor-element elementor-element-91ff2e4 e-flex e-con-boxed e-con e-parent\" data-id=\"91ff2e4\" data-element_type=\"container\" data-e-type=\"container\">\n\t\t\t\t\t<div class=\"e-con-inner\">\n\t\t\t\t<div class=\"elementor-element elementor-element-14a7adc0 elementor-widget elementor-widget-heading\" data-id=\"14a7adc0\" data-element_type=\"widget\" data-e-type=\"widget\" data-widget_type=\"heading.default\">\n\t\t\t\t\t<div class=\"elementor-heading-title elementor-size-default\">Founding Partner<\/div>\t\t\t\t<\/div>\n\t\t\t\t<div class=\"elementor-element elementor-element-270c2a61 elementor-widget__width-initial elementor-widget-mobile__width-inherit elementor-widget elementor-widget-heading\" data-id=\"270c2a61\" data-element_type=\"widget\" data-e-type=\"widget\" data-widget_type=\"heading.default\">\n\t\t\t\t\t<h2 class=\"elementor-heading-title elementor-size-default\">Passion and absolute commitment to every client<\/h2>\t\t\t\t<\/div>\n\t\t<div class=\"elementor-element elementor-element-4ce8c6d7 e-con-full e-flex e-con e-child\" data-id=\"4ce8c6d7\" data-element_type=\"container\" data-e-type=\"container\">\n\t\t<div class=\"elementor-element elementor-element-3d9ac72c e-con-full e-flex e-con e-child\" data-id=\"3d9ac72c\" data-element_type=\"container\" data-e-type=\"container\">\n\t\t\t\t<div class=\"elementor-element elementor-element-1cb4f512 elementor-widget elementor-widget-text-editor\" data-id=\"1cb4f512\" data-element_type=\"widget\" data-e-type=\"widget\" data-widget_type=\"text-editor.default\">\n\t\t\t\t\t\t\t\t\t<p>In 2015, he left one of the largest intellectual property firms in the country, convinced that the law works better without rigid structures. Ten years later, Gur\u00fa.Legal is proof of that.<\/p><p>He has supported companies and individuals across different sectors in building and managing their legal portfolios, designed strategies for those seeking to expand in Mexico, and coordinated cases with legal teams around the world. He has successfully represented domestic and international clients in complex litigation, handled Denominations of Origin for the alcoholic beverages industry, and participated in drafting federal reforms.<\/p>\t\t\t\t\t\t\t\t<\/div>\n\t\t\t\t<div class=\"elementor-element elementor-element-25e90e22 elementor-widget elementor-widget-text-editor\" data-id=\"25e90e22\" data-element_type=\"widget\" data-e-type=\"widget\" data-widget_type=\"text-editor.default\">\n\t\t\t\t\t\t\t\t\t<p>What began with no clients and just a few business cards led him to become the legal representative of international celebrities and leaders in different markets. Not by luck, but through a way of work<\/p>\t\t\t\t\t\t\t\t<\/div>\n\t\t\t\t<\/div>\n\t\t<div class=\"elementor-element elementor-element-4fead71f e-con-full e-flex e-con e-child\" data-id=\"4fead71f\" data-element_type=\"container\" data-e-type=\"container\" data-settings=\"{&quot;background_background&quot;:&quot;classic&quot;}\">\n\t\t\t\t<\/div>\n\t\t\t\t<\/div>\n\t\t\t\t\t<\/div>\n\t\t\t\t<\/div>\n\t\t\t\t<\/div>","protected":false},"excerpt":{"rendered":"<p>Armando Contreras Socio Fundador Pasi\u00f3n y compromiso absoluto con cada cliente En 2015 dej\u00f3 uno de los despachos de propiedad intelectual m\u00e1s grandes del pa\u00eds convencido de que el derecho funciona mejor sin estructuras r\u00edgidas. Diez a\u00f1os despu\u00e9s, Gur\u00fa.Legal es la prueba de eso. Ha acompa\u00f1ado a empresas y personas de distintos sectores en la [&hellip;]<\/p>","protected":false},"author":1,"featured_media":0,"parent":0,"menu_order":0,"comment_status":"closed","ping_status":"closed","template":"","meta":{"footnotes":""},"class_list":["post-14806","page","type-page","status-publish","hentry"],"_links":{"self":[{"href":"https:\/\/guru.legal\/en\/wp-json\/wp\/v2\/pages\/14806","targetHints":{"allow":["GET"]}}],"collection":[{"href":"https:\/\/guru.legal\/en\/wp-json\/wp\/v2\/pages"}],"about":[{"href":"https:\/\/guru.legal\/en\/wp-json\/wp\/v2\/types\/page"}],"author":[{"embeddable":true,"href":"https:\/\/guru.legal\/en\/wp-json\/wp\/v2\/users\/1"}],"replies":[{"embeddable":true,"href":"https:\/\/guru.legal\/en\/wp-json\/wp\/v2\/comments?post=14806"}],"version-history":[{"count":4,"href":"https:\/\/guru.legal\/en\/wp-json\/wp\/v2\/pages\/14806\/revisions"}],"predecessor-version":[{"id":14821,"href":"https:\/\/guru.legal\/en\/wp-json\/wp\/v2\/pages\/14806\/revisions\/14821"}],"wp:attachment":[{"href":"https:\/\/guru.legal\/en\/wp-json\/wp\/v2\/media?parent=14806"}],"curies":[{"name":"wp","href":"https:\/\/api.w.org\/{rel}","templated":true}]}}