{"id":14808,"date":"2026-04-24T06:45:28","date_gmt":"2026-04-24T06:45:28","guid":{"rendered":"https:\/\/guru.legal\/?page_id=14808"},"modified":"2026-04-24T07:01:44","modified_gmt":"2026-04-24T07:01:44","slug":"mario-silva","status":"publish","type":"page","link":"https:\/\/guru.legal\/en\/mario-silva\/","title":{"rendered":"Mario Silva"},"content":{"rendered":"<div data-elementor-type=\"wp-page\" data-elementor-id=\"14808\" class=\"elementor elementor-14808\" data-elementor-post-type=\"page\">\n\t\t\t\t<div class=\"elementor-element elementor-element-82c2e81 e-flex e-con-boxed e-con e-parent\" data-id=\"82c2e81\" data-element_type=\"container\" data-e-type=\"container\" data-settings=\"{&quot;background_background&quot;:&quot;classic&quot;}\">\n\t\t\t\t\t<div class=\"e-con-inner\">\n\t\t\t\t<div class=\"elementor-element elementor-element-330dc79 text-center elementor-widget elementor-widget-tp-heading-title\" data-id=\"330dc79\" data-element_type=\"widget\" data-e-type=\"widget\" data-widget_type=\"tp-heading-title.default\">\n\t\t\t\t\t<div class=\"heading heading_style heading_style69eb97be6624f style-1\"  data-tp-gsap-heading-text=\"\" data-tp-gsap-sub-heading-text=\"\"><div class=\"sub-style\" ><div class=\"head-title\" > <h1  class=\"heading-title\"  data-hover=\"Mario Silva\">Mario Silva<span class=\"title-s\">  <\/span><\/h1><\/div><\/div><\/div>\t\t\t\t<\/div>\n\t\t\t\t\t<\/div>\n\t\t\t\t<\/div>\n\t\t<div class=\"elementor-element elementor-element-60e0df8 e-flex e-con-boxed e-con e-parent\" data-id=\"60e0df8\" data-element_type=\"container\" data-e-type=\"container\">\n\t\t\t\t\t<div class=\"e-con-inner\">\n\t\t\t\t<div class=\"elementor-element elementor-element-44fdbf6 elementor-widget elementor-widget-heading\" data-id=\"44fdbf6\" data-element_type=\"widget\" data-e-type=\"widget\" data-widget_type=\"heading.default\">\n\t\t\t\t\t<div class=\"elementor-heading-title elementor-size-default\">Partner<\/div>\t\t\t\t<\/div>\n\t\t\t\t<div class=\"elementor-element elementor-element-3da2142 elementor-widget__width-initial elementor-widget-mobile__width-inherit elementor-widget elementor-widget-heading\" data-id=\"3da2142\" data-element_type=\"widget\" data-e-type=\"widget\" data-widget_type=\"heading.default\">\n\t\t\t\t\t<h2 class=\"elementor-heading-title elementor-size-default\">The technical depth that complex cases demand<\/h2>\t\t\t\t<\/div>\n\t\t<div class=\"elementor-element elementor-element-4dc9389 e-con-full e-flex e-con e-child\" data-id=\"4dc9389\" data-element_type=\"container\" data-e-type=\"container\">\n\t\t<div class=\"elementor-element elementor-element-aa24d03 e-con-full e-flex e-con e-child\" data-id=\"aa24d03\" data-element_type=\"container\" data-e-type=\"container\">\n\t\t\t\t<div class=\"elementor-element elementor-element-cb70712 elementor-widget elementor-widget-text-editor\" data-id=\"cb70712\" data-element_type=\"widget\" data-e-type=\"widget\" data-widget_type=\"text-editor.default\">\n\t\t\t\t\t\t\t\t\t<p>He earned his law degree from UNAM\u2019s Faculty of Law and specialized in intellectual property at the same institution. His career began at UNAM\u2019s Institute for Legal Research, where he collaborated with Eduardo Ferrer-MacGregor on amparo proceedings and constitutional law.<\/p><p>Since then, he has built experience in patent, trademark, and copyright litigation, antitrust law, and personal data protection. He has worked with startups in the healthcare and financial sectors, biotechnology companies, franchises, and state governments. He has also collaborated with national and international media outlets on the analysis of current legal issues.<\/p>\t\t\t\t\t\t\t\t<\/div>\n\t\t\t\t<div class=\"elementor-element elementor-element-e22a738 elementor-widget elementor-widget-text-editor\" data-id=\"e22a738\" data-element_type=\"widget\" data-e-type=\"widget\" data-widget_type=\"text-editor.default\">\n\t\t\t\t\t\t\t\t\t<p>He joined Gur\u00fa.Legal in 2020 with a profile shaped at the most complex intersections of law: where intellectual property meets technology, data, and regulation.<\/p>\t\t\t\t\t\t\t\t<\/div>\n\t\t\t\t<\/div>\n\t\t<div class=\"elementor-element elementor-element-9502f90 e-con-full e-flex e-con e-child\" data-id=\"9502f90\" data-element_type=\"container\" data-e-type=\"container\" data-settings=\"{&quot;background_background&quot;:&quot;classic&quot;}\">\n\t\t\t\t<\/div>\n\t\t\t\t<\/div>\n\t\t\t\t\t<\/div>\n\t\t\t\t<\/div>\n\t\t\t\t<\/div>","protected":false},"excerpt":{"rendered":"<p>Mario Silva Socio La profundidad t\u00e9cnica que los casos dif\u00edciles exigen Licenciado en derecho por la Facultad de Derecho de la UNAM y especialista en propiedad intelectual por la misma instituci\u00f3n. Su trayectoria arranc\u00f3 en el Instituto de Investigaciones Jur\u00eddicas de la UNAM, donde colabor\u00f3 con Eduardo Ferrer-MacGregor en materia de amparo y derecho constitucional. [&hellip;]<\/p>","protected":false},"author":1,"featured_media":0,"parent":0,"menu_order":0,"comment_status":"closed","ping_status":"closed","template":"","meta":{"footnotes":""},"class_list":["post-14808","page","type-page","status-publish","hentry"],"_links":{"self":[{"href":"https:\/\/guru.legal\/en\/wp-json\/wp\/v2\/pages\/14808","targetHints":{"allow":["GET"]}}],"collection":[{"href":"https:\/\/guru.legal\/en\/wp-json\/wp\/v2\/pages"}],"about":[{"href":"https:\/\/guru.legal\/en\/wp-json\/wp\/v2\/types\/page"}],"author":[{"embeddable":true,"href":"https:\/\/guru.legal\/en\/wp-json\/wp\/v2\/users\/1"}],"replies":[{"embeddable":true,"href":"https:\/\/guru.legal\/en\/wp-json\/wp\/v2\/comments?post=14808"}],"version-history":[{"count":10,"href":"https:\/\/guru.legal\/en\/wp-json\/wp\/v2\/pages\/14808\/revisions"}],"predecessor-version":[{"id":14830,"href":"https:\/\/guru.legal\/en\/wp-json\/wp\/v2\/pages\/14808\/revisions\/14830"}],"wp:attachment":[{"href":"https:\/\/guru.legal\/en\/wp-json\/wp\/v2\/media?parent=14808"}],"curies":[{"name":"wp","href":"https:\/\/api.w.org\/{rel}","templated":true}]}}