{"id":14837,"date":"2026-04-24T07:04:21","date_gmt":"2026-04-24T07:04:21","guid":{"rendered":"https:\/\/guru.legal\/?page_id=14837"},"modified":"2026-04-24T07:11:46","modified_gmt":"2026-04-24T07:11:46","slug":"contacto","status":"publish","type":"page","link":"https:\/\/guru.legal\/en\/contacto\/","title":{"rendered":"Contact"},"content":{"rendered":"<div data-elementor-type=\"wp-page\" data-elementor-id=\"14837\" class=\"elementor elementor-14837\" data-elementor-post-type=\"page\">\n\t\t\t\t<div class=\"elementor-element elementor-element-198f53ac e-flex e-con-boxed e-con e-parent\" data-id=\"198f53ac\" data-element_type=\"container\" data-e-type=\"container\" data-settings=\"{&quot;background_background&quot;:&quot;classic&quot;}\">\n\t\t\t\t\t<div class=\"e-con-inner\">\n\t\t\t\t<div class=\"elementor-element elementor-element-289904d4 text-center elementor-widget elementor-widget-tp-heading-title\" data-id=\"289904d4\" data-element_type=\"widget\" data-e-type=\"widget\" data-widget_type=\"tp-heading-title.default\">\n\t\t\t\t\t<div class=\"heading heading_style heading_style69eb9750ceb4e style-1\"  data-tp-gsap-heading-text=\"\" data-tp-gsap-sub-heading-text=\"\"><div class=\"sub-style\" ><div class=\"head-title\" > <h1  class=\"heading-title\"  data-hover=\"Contacto\">Contact<span class=\"title-s\">  <\/span><\/h1><\/div><div class=\"sub-heading\"><h2 class=\"heading-sub-title\"> Tell us what\u2019s going on, and we\u2019ll take care of the rest. <\/h2><\/div><\/div><\/div>\t\t\t\t<\/div>\n\t\t\t\t\t<\/div>\n\t\t\t\t<\/div>\n\t\t<div class=\"elementor-element elementor-element-6c940f91 e-flex e-con-boxed e-con e-parent\" data-id=\"6c940f91\" data-element_type=\"container\" data-e-type=\"container\">\n\t\t\t\t\t<div class=\"e-con-inner\">\n\t\t<div class=\"elementor-element elementor-element-4cb9d19a e-con-full e-flex e-con e-child\" data-id=\"4cb9d19a\" data-element_type=\"container\" data-e-type=\"container\">\n\t\t\t\t<div class=\"elementor-element elementor-element-143c4aa1 elementor-widget elementor-widget-heading\" data-id=\"143c4aa1\" data-element_type=\"widget\" data-e-type=\"widget\" data-widget_type=\"heading.default\">\n\t\t\t\t\t<div class=\"elementor-heading-title elementor-size-default\">Write to us<\/div>\t\t\t\t<\/div>\n\t\t\t\t<div class=\"elementor-element elementor-element-607ae6e elementor-widget elementor-widget-heading\" data-id=\"607ae6e\" data-element_type=\"widget\" data-e-type=\"widget\" data-widget_type=\"heading.default\">\n\t\t\t\t\t<h2 class=\"elementor-heading-title elementor-size-default\">Do you have a case in mind?<\/h2>\t\t\t\t<\/div>\n\t\t\t\t<div class=\"elementor-element elementor-element-7b8641f4 elementor-widget elementor-widget-text-editor\" data-id=\"7b8641f4\" data-element_type=\"widget\" data-e-type=\"widget\" data-widget_type=\"text-editor.default\">\n\t\t\t\t\t\t\t\t\t<p>You don\u2019t need to have everything figured out to contact us. One message is enough for us to know whether we can help you and how.<\/p>\t\t\t\t\t\t\t\t<\/div>\n\t\t<div class=\"elementor-element elementor-element-261e592c e-grid e-con-full e-con e-child\" data-id=\"261e592c\" data-element_type=\"container\" data-e-type=\"container\">\n\t\t\t\t<div class=\"elementor-element elementor-element-c9ab88 elementor-view-default elementor-position-block-start elementor-mobile-position-block-start elementor-widget elementor-widget-icon-box\" data-id=\"c9ab88\" data-element_type=\"widget\" data-e-type=\"widget\" data-widget_type=\"icon-box.default\">\n\t\t\t\t\t\t\t<div class=\"elementor-icon-box-wrapper\">\n\n\t\t\t\t\t\t<div class=\"elementor-icon-box-icon\">\n\t\t\t\t<span  class=\"elementor-icon\">\n\t\t\t\t<i aria-hidden=\"true\" class=\"icon icon-mail\"><\/i>\t\t\t\t<\/span>\n\t\t\t<\/div>\n\t\t\t\n\t\t\t\t\t\t<div class=\"elementor-icon-box-content\">\n\n\t\t\t\t\t\t\t\t\t<h3 class=\"elementor-icon-box-title\">\n\t\t\t\t\t\t<span  >\n\t\t\t\t\t\t\tEmail\t\t\t\t\t\t<\/span>\n\t\t\t\t\t<\/h3>\n\t\t\t\t\n\t\t\t\t\t\t\t\t\t<p class=\"elementor-icon-box-description\">\n\t\t\t\t\t\thola@guru.legal\t\t\t\t\t<\/p>\n\t\t\t\t\n\t\t\t<\/div>\n\t\t\t\n\t\t<\/div>\n\t\t\t\t\t\t<\/div>\n\t\t\t\t<div class=\"elementor-element elementor-element-122f65bf elementor-view-default elementor-position-block-start elementor-mobile-position-block-start elementor-widget elementor-widget-icon-box\" data-id=\"122f65bf\" data-element_type=\"widget\" data-e-type=\"widget\" data-widget_type=\"icon-box.default\">\n\t\t\t\t\t\t\t<div class=\"elementor-icon-box-wrapper\">\n\n\t\t\t\t\t\t<div class=\"elementor-icon-box-icon\">\n\t\t\t\t<a href=\"https:\/\/www.linkedin.com\/company\/guru.legal\/\" class=\"elementor-icon\" tabindex=\"-1\" aria-label=\"LinkedIn\">\n\t\t\t\t<svg aria-hidden=\"true\" class=\"e-font-icon-svg e-fab-linkedin-in\" viewbox=\"0 0 448 512\" xmlns=\"http:\/\/www.w3.org\/2000\/svg\"><path d=\"M100.28 448H7.4V148.9h92.88zM53.79 108.1C24.09 108.1 0 83.5 0 53.8a53.79 53.79 0 0 1 107.58 0c0 29.7-24.1 54.3-53.79 54.3zM447.9 448h-92.68V302.4c0-34.7-.7-79.2-48.29-79.2-48.29 0-55.69 37.7-55.69 76.7V448h-92.78V148.9h89.08v40.8h1.3c12.4-23.5 42.69-48.3 87.88-48.3 94 0 111.28 61.9 111.28 142.3V448z\"><\/path><\/svg>\t\t\t\t<\/a>\n\t\t\t<\/div>\n\t\t\t\n\t\t\t\t\t\t<div class=\"elementor-icon-box-content\">\n\n\t\t\t\t\t\t\t\t\t<h3 class=\"elementor-icon-box-title\">\n\t\t\t\t\t\t<a href=\"https:\/\/www.linkedin.com\/company\/guru.legal\/\" >\n\t\t\t\t\t\t\tLinkedIn\t\t\t\t\t\t<\/a>\n\t\t\t\t\t<\/h3>\n\t\t\t\t\n\t\t\t\t\t\t\t\t\t<p class=\"elementor-icon-box-description\">\n\t\t\t\t\t\t\/guru.legal\t\t\t\t\t<\/p>\n\t\t\t\t\n\t\t\t<\/div>\n\t\t\t\n\t\t<\/div>\n\t\t\t\t\t\t<\/div>\n\t\t\t\t<\/div>\n\t\t\t\t<\/div>\n\t\t<div class=\"elementor-element elementor-element-eba17ac e-con-full animated-fast e-flex elementor-invisible e-con e-child\" data-id=\"eba17ac\" data-element_type=\"container\" data-e-type=\"container\" data-settings=\"{&quot;background_background&quot;:&quot;classic&quot;,&quot;animation&quot;:&quot;fadeIn&quot;}\">\n\t\t\t\t<div class=\"elementor-element elementor-element-54dd617b elementor-widget__width-initial elementor-absolute elementor-widget elementor-widget-spacer\" data-id=\"54dd617b\" data-element_type=\"widget\" data-e-type=\"widget\" data-settings=\"{&quot;_position&quot;:&quot;absolute&quot;}\" data-widget_type=\"spacer.default\">\n\t\t\t\t\t\t\t<div class=\"elementor-spacer\">\n\t\t\t<div class=\"elementor-spacer-inner\"><\/div>\n\t\t<\/div>\n\t\t\t\t\t\t<\/div>\n\t\t\t\t<div class=\"elementor-element elementor-element-5d45da70 elementor-widget elementor-widget-tp-plus-form\" data-id=\"5d45da70\" data-element_type=\"widget\" data-e-type=\"widget\" data-widget_type=\"tp-plus-form.default\">\n\t\t\t\t\t<div class=\"tpae-form-container\" data-formdata=\"{&quot;form_id&quot;:&quot;tpae-form-main&quot;,&quot;Required_mask&quot;:&quot;hide-asterisks&quot;,&quot;invalid_form&quot;:&quot;Invalid form! Please check it again.&quot;,&quot;required_fields&quot;:&quot;This field is required.&quot;,&quot;form_error&quot;:&quot;There was an error in submitting the form.&quot;,&quot;success_message&quot;:&quot;Form Submitted Successfully&quot;,&quot;server_error&quot;:&quot;A server error occurred.&quot;}\" data-emaildata=\"&quot;VMv4t8f8OcJdWNbLjr_hfU0E-nN4Fnj51A1hw2Gx58QcQp7Qm9EVa60bMEbWfT75JbXGIsNsWHMNG63SxjOTMoY0BpMK21yBXVcwd6qhFMib8crFq7iLOtMuBpqsVMe0mYEySEUvhiCt68nXUmIKlMllya45a4DisuVlGXOs-25gVQTvH_HwDVOsyNZnleRYahzjCtUpWGbI3f6Acztp5OdqVCWk8GH4Ir1lmED6SEaetvQxUKuhR5tpJxkwbRUSUuZm6q-lhyYRUXyWALmH22tKMaz-ReqDfB2fLWD61uWdpU4FseGUFD_tyAbCY3tgmUG3DORapovIaDGNkj4AjMJqij1LEAH27YeaefBwgIreTdXBIwYuLrIz_adZnLPxz2pqd6k&quot;\" ><style> .elementor-element-5d45da70 .tpae-form-submit-container{ width:100%!important } <\/style><div class=\"tpae-form-name\">Form<\/div><form id=\"tpae-form-main\" class=\"tpae-form\" method=\"post\" action=\"\"><div class=\"tpae-form-field\" data-width=\"46\" data-tablet-width=\"\" data-mobile-width=\"100\"> <input type=\"text\" name=\"first_name\" id=\"first_name\" placeholder=\"Name\"  class=\"medium\" value=\"\" aria-description=\"\"\/><span class=\"tpae-help-text\"><\/span><\/div><div class=\"tpae-form-field\" data-width=\"46\" data-tablet-width=\"\" data-mobile-width=\"100\"> <input type=\"text\" name=\"last_name\" id=\"last_name\" placeholder=\"Company\"  class=\"medium\" value=\"\" aria-description=\"\"\/><span class=\"tpae-help-text\"><\/span><\/div><div class=\"tpae-form-field\" data-width=\"46\" data-tablet-width=\"\" data-mobile-width=\"100\"> <input type=\"number\" name=\"mobile_number\" id=\"mobile_number\" placeholder=\"Phone\"  class=\"medium\" value=\"\" aria-description=\"\"\/><span class=\"tpae-help-text\"><\/span><\/div><div class=\"tpae-form-field\" data-width=\"46\" data-tablet-width=\"\" data-mobile-width=\"\"> <input type=\"email\" name=\"email\" id=\"email\" placeholder=\"Email\" required class=\"medium\" value=\"\" aria-description=\"\"\/><span class=\"tpae-help-text\"><\/span><\/div><div class=\"tpae-form-field\" data-width=\"\" data-tablet-width=\"\" data-mobile-width=\"\"> <textarea name=\"message\" rows=\"5\" id=\"message\" placeholder=\"Message\"  class=\"medium\"aria-description=\"\"><\/textarea><\/div><div class=\"tpae-form-submit-container\"><button id=\"tpae-form-button\" type=\"submit\" class=\"tpae-form-submit tpae-form-button tpae-icon-after\"><span class=\"tpae-button-text\">Send Message  <\/span><span class=\"tpae-button-loader\" style=\"display:none;\"><span class=\"tpae-spinner\"><\/span><\/span><\/button><\/div><input type=\"hidden\" name=\"trp-form-language\" value=\"en\"\/><\/form><\/div>\t\t\t\t<\/div>\n\t\t\t\t<\/div>\n\t\t\t\t\t<\/div>\n\t\t\t\t<\/div>\n\t\t\t\t<\/div>","protected":false},"excerpt":{"rendered":"<p>Contacto Cu\u00e9ntanos qu\u00e9 est\u00e1 pasando, nosotros nos encargamos del resto. Escr\u00edbenos \u00bfTienes un caso en mente? No necesitas tener todo claro para contactarnos. Un mensaje es suficiente para saber si podemos ayudarte y c\u00f3mo. Email hola@guru.legal LinkedIn \/guru.legal Formulario Enviar Mensaje<\/p>","protected":false},"author":1,"featured_media":0,"parent":0,"menu_order":0,"comment_status":"closed","ping_status":"closed","template":"","meta":{"footnotes":""},"class_list":["post-14837","page","type-page","status-publish","hentry"],"_links":{"self":[{"href":"https:\/\/guru.legal\/en\/wp-json\/wp\/v2\/pages\/14837","targetHints":{"allow":["GET"]}}],"collection":[{"href":"https:\/\/guru.legal\/en\/wp-json\/wp\/v2\/pages"}],"about":[{"href":"https:\/\/guru.legal\/en\/wp-json\/wp\/v2\/types\/page"}],"author":[{"embeddable":true,"href":"https:\/\/guru.legal\/en\/wp-json\/wp\/v2\/users\/1"}],"replies":[{"embeddable":true,"href":"https:\/\/guru.legal\/en\/wp-json\/wp\/v2\/comments?post=14837"}],"version-history":[{"count":7,"href":"https:\/\/guru.legal\/en\/wp-json\/wp\/v2\/pages\/14837\/revisions"}],"predecessor-version":[{"id":14844,"href":"https:\/\/guru.legal\/en\/wp-json\/wp\/v2\/pages\/14837\/revisions\/14844"}],"wp:attachment":[{"href":"https:\/\/guru.legal\/en\/wp-json\/wp\/v2\/media?parent=14837"}],"curies":[{"name":"wp","href":"https:\/\/api.w.org\/{rel}","templated":true}]}}