{"id":3,"date":"2020-04-27T03:27:59","date_gmt":"2020-04-27T03:27:59","guid":{"rendered":"http:\/\/guru.legal\/?page_id=3"},"modified":"2026-04-13T04:22:23","modified_gmt":"2026-04-13T04:22:23","slug":"aviso-de-privacidad","status":"publish","type":"page","link":"https:\/\/guru.legal\/en\/aviso-de-privacidad\/","title":{"rendered":"Privacy Notice"},"content":{"rendered":"<div data-elementor-type=\"wp-page\" data-elementor-id=\"3\" class=\"elementor elementor-3\" data-elementor-post-type=\"page\">\n\t\t\t\t<div class=\"elementor-element elementor-element-28845f2c e-flex e-con-boxed e-con e-parent\" data-id=\"28845f2c\" data-element_type=\"container\" data-e-type=\"container\">\n\t\t\t\t\t<div class=\"e-con-inner\">\n\t\t\t\t<div class=\"elementor-element elementor-element-3111933e elementor-widget elementor-widget-text-editor\" data-id=\"3111933e\" data-element_type=\"widget\" data-e-type=\"widget\" data-widget_type=\"text-editor.default\">\n\t\t\t\t\t\t\t\t\t<p>AVISO DE PRIVACIDAD INTEGRAL<\/p><p>En cumplimiento a lo dispuesto en la Ley Federal de Protecci\u00f3n de Datos Personales en Posesi\u00f3n de los Particulares y su Reglamento (en adelante, la \u201cLey\u201d), GUR\u00da LEGAL 2.0, SC (en adelante, &#8220;GUR\u00da.LEGAL&#8221;) y con domicilio ubicado en Acordada 25, San Jos\u00e9 Insurgente, Benito Ju\u00e1rez, Ciudad de M\u00e9xico, 03020, es responsable de recabar y dar tratamiento, uso y protecci\u00f3n de sus datos personales recabados de manera personal o directa o mediante el registro en los formularios disponibles en el sitio web www.guru.legal (en adelante, referido como, el \u201cPORTAL\u201d), y al respecto le informa lo siguiente:<\/p><p>El PORTAL est\u00e1 destinado a anunciar los servicios que presta GUR\u00da.LEGAL en los Estados Unidos Mexicanos y permitir a sus clientes contratarlos.<\/p><p>El presente Aviso de Privacidad, es aplicable para todos los datos que proporcione el titular de los datos (en adelante \u201cTITULAR\u201d), incluyendo la de car\u00e1cter personal, recopilada por GUR\u00da.LEGAL a trav\u00e9s del PORTAL o de manera directa.<\/p><p>Al momento de ingresar al PORTAL, y mediante el registro de los datos personales del TITULAR en el mismo, se entender\u00e1 que otorga su consentimiento expreso, bajo el signo inequ\u00edvoco de haber proporcionado de manera libre su informaci\u00f3n a GUR\u00da.LEGAL, para recopilar y utilizar l\u00edcitamente sus datos personales para los fines que m\u00e1s adelante se indican.<\/p><p>GUR\u00da.LEGAL cuenta con un Delegado de Datos Personales (en adelante, el &#8220;DPO&#8221;), con quien el TITULAR se puede comunicar mediante correo electr\u00f3nico enviado a la direcci\u00f3n armando@guru.legal o v\u00eda telef\u00f3nica al n\u00famero 5517045094..<\/p><p>1.- DATOS PERSONALES QUE SE RECABAN Y TRATAN.<\/p><p>GUR\u00da.LEGAL puede recabar datos personales del TITULAR mediante la entrega directa o personal, a trav\u00e9s del PORTAL, o cualquier otro medio de contacto f\u00edsico, telef\u00f3nico o electr\u00f3nico con el TITULAR.<\/p><p>Adem\u00e1s, GUR\u00da.LEGAL puede obtener informaci\u00f3n del TITULAR de otras fuentes documentales o de informaci\u00f3n comercialmente disponible o p\u00fablica, de manera indirecta y de fuentes permitidas por la legislaci\u00f3n. As\u00ed como en aquellos otros casos en que dicha informaci\u00f3n sea proporcionada por un tercero autorizado para ello.<\/p><p>Las categor\u00edas de datos personales que GUR\u00da.LEGAL recaba, trata, usa y protege son las siguientes:<\/p><p>1. Datos de identificaci\u00f3n (nombre(s), apellido paterno, apellido materno; denominaci\u00f3n o raz\u00f3n social).<\/p><p>2. Datos de contacto (n\u00famero telef\u00f3nico, correo electr\u00f3nico y domicilio).<\/p><p>3. Datos fiscales (n\u00famero de Registro Federal de Contribuyentes, domicilio fiscal, r\u00e9gimen fiscal).<\/p><p>4. Datos patrimoniales o financieros (cuentas bancarias, n\u00fameros de tarjetas bancarias, n\u00famero de CLABE)<\/p><p>Asimismo, se hace de su conocimiento que GUR\u00da.LEGAL no recaba del TITULAR ning\u00fan tipo de datos personales sensibles, ni cualquier otro que no sea estrictamente indispensable para los fines que se se\u00f1alan en el presente Aviso de Privacidad Integral. Por lo que hace a los datos patrimoniales o financieros que tratamos, no se recaba el consentimiento expreso del TITULAR, pues s\u00f3lo se requieren para cumplir obligaciones derivadas de una relaci\u00f3n jur\u00eddica entre el TITULAR y GUR\u00da.LEGAL.<\/p><p>Para el cumplimiento de las obligaciones contra\u00eddas por GUR\u00da.LEGAL, ser\u00e1 necesario que el TITULAR aporte los siguientes datos (obligatorios): Nombre, denominaci\u00f3n o raz\u00f3n social correo electr\u00f3nico, tel\u00e9fono, domicilio; Ser\u00e1 opcional la aportaci\u00f3n y tratamiento de datos de car\u00e1cter fiscal, tales como n\u00famero de Registro Federal de Contribuyentes, domicilio fiscal y r\u00e9gimen fiscal, para el caso en que el TITULAR solicite la expedici\u00f3n de una factura por el pago de los servicios recibidos.<\/p><p>2.- FINALIDADES DEL TRATAMIENTO DE DATOS PERSONALES.<\/p><p>Los datos personales puestos a disposici\u00f3n de GUR\u00da.LEGAL, se incluyen en una base de datos e informaci\u00f3n electr\u00f3nica, la cual es utilizada para la clasificaci\u00f3n, uso, resguardo y protecci\u00f3n de datos personales de personas f\u00edsicas o morales vinculadas con GUR\u00da.LEGAL. As\u00ed, la informaci\u00f3n y datos personales ah\u00ed contenidos podr\u00e1n ser utilizados por GUR\u00da.LEGAL para las siguientes finalidades, todas las cuales requieren el consentimiento del TITULAR, el cual se entender\u00e1 ha brindado a trav\u00e9s de signos inequ\u00edvocos, como lo son el haber completado de manera libre su registro en los formularios dispuestos en el PORTAL:<\/p><p>Finalidades principales, mismas que son necesarias para la que GUR\u00da.LEGAL preste sus servicios:<\/p><p>1. Registro en el PORTAL a efecto de permitir el contacto con GUR\u00da.LEGAL.<\/p><p>2. Permitir a GUR\u00da.LEGAL identificar el servicio requerido por el TITULAR.<\/p><p>3. Cumplir las obligaciones que GUR\u00da.LEGAL contrae con el TITULAR.<\/p><p>4. Facilitar las comunicaciones entre el TITULAR y GUR\u00da.LEGAL.<\/p><p>5. Cumplir con las obligaciones legales correspondientes a GUR\u00da.LEGAL.<\/p><p>6. Cumplir con los requerimientos de las autoridades competentes, en su caso.<\/p><p>Finalidades secundarias, mismas que no son necesarias para la contrataci\u00f3n de los servicios que GUR\u00da.LEGAL presta, pero que permiten y facilitan a GUR\u00da.LEGAL brindarle una mejor atenci\u00f3n al TITULAR:<\/p><p>1. Env\u00edo de promociones, noticias y material informativo.<br \/>2. Realizaci\u00f3n de encuestas de satisfacci\u00f3n y estudios de mercado.<br \/>3. Invitaciones a eventos y programas de fidelizaci\u00f3n.<\/p><p>Al aceptar el presente Aviso de Privacidad Integral, el TITULAR est\u00e1 de acuerdo con el tratamiento de sus datos personales para las finalidades se\u00f1aladas anteriormente, aceptaci\u00f3n que es anterior al propio tratamiento.<\/p><p>En todo caso, el TITULAR cuenta con un plazo de 5 (cinco) d\u00edas h\u00e1biles para manifestar su negativa para el tratamiento de sus datos personales con respecto a los fines que no son necesarios, ni dieron origen a la relaci\u00f3n jur\u00eddica celebrada con GUR\u00da.LEGAL, mediante correo electr\u00f3nico enviado a la direcci\u00f3n armando@guru.legal.<\/p><p>Sin perjuicio de lo anterior, quedan a salvo sus derechos para ejercer la revocaci\u00f3n de su consentimiento, de conformidad con lo dispuesto en la Ley.<\/p><p>La negativa para el uso de sus datos personales para los fines secundarios o accesorios no podr\u00e1 ser un motivo para que GUR\u00da.LEGAL le niegue sus servicios.<\/p><p>GUR\u00da.LEGAL se compromete y obliga a observar y cumplir con los principios de licitud, consentimiento, informaci\u00f3n, calidad, finalidad, lealtad, proporcionalidad y responsabilidad en la recopilaci\u00f3n y tratamiento de los datos personales; as\u00ed como todos los principios y disposiciones establecidas por la legislaci\u00f3n nacional en materia de protecci\u00f3n de datos personales.<\/p><p>Los datos registrados en el PORTAL permanecen en nuestro sistema por el periodo de tres (3) a\u00f1os, contados a partir de del registro del TITULAR en el PORTAL. El PORTAL cuenta con certificado de seguridad SSL, adem\u00e1s de otras medidas administrativas a efecto de salvaguardar la seguridad de los datos contenidos en sus sistemas.<\/p><p>3.- TRANSFERENCIAS DE DATOS PERSONALES.<\/p><p>A efecto que GUR\u00da.LEGAL pueda cumplir con sus obligaciones, es posible que sus datos personales sean transferidos y tratados dentro y fuera del pa\u00eds por personas o entidades distintas a GUR\u00da.LEGAL. No se requerir\u00e1 el consentimiento del TITULAR para transferir sus datos personales a terceros cuando esto sea necesario para que GUR\u00da.LEGAL cumpla las obligaciones contra\u00eddas frente a \u00e9l; o en cualquiera de los casos de excepci\u00f3n previstos por el art\u00edculo 36 de la Ley Federal de Protecci\u00f3n de Datos Personales en Posesi\u00f3n de los Particulares o por cualquier disposici\u00f3n legal que contemple dicha excepci\u00f3n.<\/p><p>Trat\u00e1ndose de cualquier otro caso, GUR\u00da.LEGAL se compromete a no transferir sus datos personales sin su consentimiento, salvo en los supuestos previstos en la legislaci\u00f3n aplicable, as\u00ed como a realizar esta transferencia en los t\u00e9rminos establecidos por la Ley.<\/p><p>Asimismo, GUR\u00da.LEGAL exigir\u00e1 a los sujetos que reciban datos personales, el cumplimiento puntual de las disposiciones en materia de protecci\u00f3n de datos, as\u00ed como la protecci\u00f3n, clasificaci\u00f3n y debido manejo de los datos personales transferidos por parte de GUR\u00da.LEGAL.<\/p><p>4.- MEDIOS PARA EJERCER SUS DERECHOS ARCO.<\/p><p>Conforme a la legislaci\u00f3n nacional en materia de datos personales, el TITULAR tiene la facultad de ejercer sus derechos ARCO, mismos derechos que para su pronta referencia se describen a continuaci\u00f3n:<\/p><p>1. Derecho de Acceso: Derecho del TITULAR a solicitar a GUR\u00da.LEGAL que le informe si en sus bases de datos cuenta con informaci\u00f3n relativa a sus datos personales, as\u00ed como conocer la informaci\u00f3n relacionada con las condiciones y generalidades de su tratamiento, a trav\u00e9s del aviso de privacidad.<\/p><p>2. Derecho de Rectificaci\u00f3n: Derecho del TITULAR a solicitar a GUR\u00da.LEGAL la correcci\u00f3n de los datos personales que posee en su base de datos, cuando dichos datos sean incorrectos, inexactos, incompletos o est\u00e9n desactualizados.<\/p><p>3. Derecho de Cancelaci\u00f3n: Derecho del TITULAR de solicitar a GUR\u00da.LEGAL la cancelaci\u00f3n de sus datos personales que posee en sus archivos, registros, expedientes y sistemas. La cancelaci\u00f3n dar\u00e1 lugar a un periodo de bloqueo tras el cual se proceder\u00e1 a la supresi\u00f3n del dato. GUR\u00da.LEGAL podr\u00e1 conservar los datos personales exclusivamente para efectos de las responsabilidades nacidas del tratamiento. El periodo de bloqueo ser\u00e1 equivalente al plazo de prescripci\u00f3n de las acciones derivadas de la relaci\u00f3n jur\u00eddica que funda el tratamiento.<\/p><p>4. Derecho de Oposici\u00f3n: Derecho del TITULAR para solicitar a GUR\u00da.LEGAL se abstenga a continuar usando o tratando sus datos personales de forma total o parcial (para determinadas finalidades), cuando:<\/p><p>I. Exista causa leg\u00edtima y su situaci\u00f3n espec\u00edfica as\u00ed lo requiera, lo cual debe justificar que aun siendo l\u00edcito el tratamiento, el mismo debe cesar para evitar que su persistencia le cause un da\u00f1o o perjuicio, o<\/p><p>II. Sus datos personales sean objeto de un tratamiento automatizado, el cual le produzca efectos jur\u00eddicos no deseados o afecte de manera significativa sus intereses, derechos o libertades, y est\u00e9n destinados a evaluar, sin intervenci\u00f3n humana, determinados aspectos personales de la misma o analizar o predecir, en particular, su rendimiento profesional, situaci\u00f3n econ\u00f3mica, estado de salud, preferencias sexuales, fiabilidad o comportamiento.<\/p><p>Para el ejercicio de cualquiera de sus derechos ARCO, el TITULAR deber\u00e1 presentar la solicitud respectiva al DPO de GUR\u00da.LEGAL. La solicitud de acceso, rectificaci\u00f3n, cancelaci\u00f3n u oposici\u00f3n deber\u00e1 reunir y acompa\u00f1ar los siguientes requisitos:<\/p><p>1. Presentarse por escrito, escaneada y firmada.<\/p><p>2. Indicar el nombre y domicilio del TITULAR.<\/p><p>3. Proporcionar correo electr\u00f3nico y n\u00famero telef\u00f3nico para comunicarle la respuesta a su solicitud.<\/p><p>4. Adjuntar identificaci\u00f3n oficial vigente del TITULAR. En caso de actuar a trav\u00e9s de su representante legal, adicionalmente deber\u00e1 acompa\u00f1ar la identificaci\u00f3n oficial vigente del mismo y una copia del documento o instrumento p\u00fablico en el que conste dicha representaci\u00f3n legal.<\/p><p>5. La descripci\u00f3n clara y precisa de los datos personales respecto de los que se busca ejercer alguno de los derechos ARCO, salvo que se trate del derecho de acceso.<\/p><p>6. La descripci\u00f3n del derecho ARCO que se pretende ejercer, o bien, lo que solicita la persona TITULAR, En el caso de solicitudes de rectificaci\u00f3n de datos personales, tambi\u00e9n deber\u00e1 indicar las modificaciones a realizarse.<\/p><p>7. Cualquier otro elemento o documento que facilite la localizaci\u00f3n de los datos personales.<\/p><p>En caso de no cumplir con los requisitos se\u00f1alados, GUR\u00da.LEGAL tendr\u00e1 por no presentada su solicitud, dejando constancia de ello en un plazo m\u00e1ximo de 5 (cinco) d\u00edas h\u00e1biles contados desde la fecha en que se recibi\u00f3 la solicitud, mediante correo electr\u00f3nico enviado a la direcci\u00f3n indicada por el TITULAR en la propia solicitud, mismo que se\u00f1alar\u00e1 las omisiones en que haya incurrido. No obstante, quedar\u00e1n a salvo sus derechos para presentar una nueva solicitud para ejercer sus derechos ARCO.<\/p><p>Si su solicitud cubre todos los requisitos mencionados, el DPO acusar\u00e1 de recibo a trav\u00e9s de un correo electr\u00f3nico que se enviar\u00e1 a la direcci\u00f3n que el TITULAR se\u00f1ale en la propia solicitud para ejercer sus derechos ARCO, dentro de un plazo m\u00e1ximo de 5 (cinco) d\u00edas h\u00e1biles contados desde la fecha en que se recibi\u00f3 la solicitud.<\/p><p>GUR\u00da.LEGAL cuenta con un plazo m\u00e1ximo de 20 (veinte) d\u00edas h\u00e1biles contados desde la fecha en que se recibi\u00f3 la solicitud para dar respuesta a la misma a la direcci\u00f3n de correo electr\u00f3nico se\u00f1alada por el TITULAR, a efecto de que, si resulta procedente, \u00e9sta se haga efectiva dentro de los 15 (quince) d\u00edas h\u00e1biles siguientes a que se comunique la respuesta. Es importante que tenga en cuenta que no en todos los casos se podr\u00e1 dar una respuesta favorable, debido a que por alguna obligaci\u00f3n legal GUR\u00da.LEGAL deba seguir tratando sus datos personales.<\/p><p>La entrega de los datos personales ser\u00e1 gratuita, el TITULAR s\u00f3lo deber\u00e1 cubrir los gastos justificados de env\u00edo o el costo de reproducci\u00f3n en copias simples o documentos electr\u00f3nicos.<\/p><p>Para tener mayor informaci\u00f3n o aclarar cualquier duda respecto al ejercicio de sus derechos ARCO, puede comunicarse directamente con el DPO.<\/p><p>5.- REVOCACI\u00d3N DEL CONSENTIMIENTO.<\/p><p>GUR\u00da.LEGAL le informa que el TITULAR puede revocar el consentimiento que, en su caso, haya otorgado para el tratamiento de sus datos personales. Sin embargo, es importante que tenga en cuenta que no en todos los casos se podr\u00e1 atender su solicitud o concluir el uso de forma inmediata, debido a que por alguna obligaci\u00f3n legal GUR\u00da.LEGAL requiera seguir tratando sus datos personales. Asimismo, el TITULAR deber\u00e1 considerar que, para ciertos fines, la revocaci\u00f3n de su consentimiento implicar\u00e1 que no se puedan seguir prestando los servicios contratados, o la conclusi\u00f3n de su relaci\u00f3n jur\u00eddica con GUR\u00da.LEGAL .<\/p><p>Para revocar su consentimiento, el TITULAR deber\u00e1 presentar la solicitud respectiva al DPO de GUR\u00da.LEGAL. La solicitud de revocaci\u00f3n deber\u00e1 reunir y acompa\u00f1ar los siguientes requisitos:<\/p><p>1. Presentarse por escrito, escaneada y firmada.<\/p><p>2. Se\u00f1alar la solicitud expresa de revocaci\u00f3n de consentimiento en el tratamiento de sus datos personales.<\/p><p>3. Indicar el nombre y domicilio del TITULAR.<\/p><p>4. Proporcionar correo electr\u00f3nico y n\u00famero telef\u00f3nico para comunicarle la respuesta a su solicitud.<\/p><p>5. Adjuntar identificaci\u00f3n oficial vigente del TITULAR. En caso de actuar a trav\u00e9s de su representante legal, adicionalmente deber\u00e1 acompa\u00f1ar la identificaci\u00f3n oficial del mismo y una copia del instrumento p\u00fablico en el que conste dicha representaci\u00f3n legal.<\/p><p>6. Adjuntar una fotograf\u00eda digital en la que se muestre al TITULAR de los datos personales sosteniendo la identificaci\u00f3n oficial vigente del mismo.<\/p><p>En caso de no cumplir con los requisitos se\u00f1alados, GUR\u00da.LEGAL tendr\u00e1 por no presentada su solicitud, dejando constancia de ello en un plazo m\u00e1ximo de 5 (cinco) d\u00edas h\u00e1biles contados desde la fecha en que se recibi\u00f3 la solicitud, mediante correo electr\u00f3nico enviado a la direcci\u00f3n indicada por el TITULAR en la propia solicitud, mismo que se\u00f1alar\u00e1 las omisiones en que haya incurrido. No obstante, quedar\u00e1n a salvo sus derechos para presentar una nueva solicitud de revocaci\u00f3n.<\/p><p>Si su solicitud cubre todos los requisitos necesarios, el DPO acusar\u00e1 de recibo a trav\u00e9s de un correo electr\u00f3nico que se enviar\u00e1 a la direcci\u00f3n que se se\u00f1ale por el TITULAR en la propia solicitud, dentro de un plazo m\u00e1ximo de 5 (cinco) d\u00edas h\u00e1biles contados desde la fecha en que se recibi\u00f3 la solicitud de revocaci\u00f3n.<\/p><p>GUR\u00da.LEGAL cuenta con un plazo m\u00e1ximo de 20 (veinte) d\u00edas h\u00e1biles contados desde la fecha en que se recibi\u00f3 la solicitud para dar respuesta a la misma a la direcci\u00f3n de correo electr\u00f3nico se\u00f1alada por el TITULAR, a efecto de que, si resulta procedente, \u00e9sta se haga efectiva dentro de los 15 (quince) d\u00edas h\u00e1biles siguientes a que se comunique la respuesta.<\/p><p>6.- LIMITACI\u00d3N DEL USO Y DIVULGACI\u00d3N DE SUS DATOS PERSONALES.<\/p><p>Con objeto de que el TITULAR pueda limitar el uso y divulgaci\u00f3n de sus datos personales, GUR\u00da.LEGAL le ofrece los siguientes medios:<\/p><p>1. Su inscripci\u00f3n en el Registro P\u00fablico para Evitar Publicidad, que est\u00e1 a cargo de la Procuradur\u00eda Federal del Consumidor (en adelante, &#8220;PROFECO&#8221;), con la finalidad de que sus datos personales no sean utilizados para recibir publicidad o promociones de empresas de bienes o servicios. Para mayor informaci\u00f3n sobre esta inscripci\u00f3n, el TITULAR puede consultar la p\u00e1gina web de la PROFECO en https:\/\/repep.profeco.gob.mx\/<\/p><p>2. Su registro en el Listado de Exclusi\u00f3n de GUR\u00da.LEGAL, a fin de que sus datos personales no sean tratados para fines mercadot\u00e9cnicos, publicitarios, de prospecci\u00f3n comercial por nuestra parte o para las finalidades secundarias indicadas en el presente aviso de privacidad. Para mayor informaci\u00f3n sobre el registro en nuestro Listado de Exclusi\u00f3n, podr\u00e1 contactar a nuestro DPO.<\/p><p>Asimismo, GUR\u00da.LEGAL limita el acceso a los datos personales respecto del personal que, de forma razonable, necesita acceder a los mismos en el desarrollo de su trabajo o para proporcionar de forma adecuada los servicios, contando con adecuadas garant\u00edas f\u00edsicas, electr\u00f3nicas y procedimentales de tipo t\u00e9cnico y administrativo para proteger la informaci\u00f3n personal del TITULAR frente a un tratamiento no autorizado o ilegal, as\u00ed como frente a p\u00e9rdida, da\u00f1os o destrucci\u00f3n accidental.<\/p><p>7.- USO DE COOKIES, WEB BEACONS Y OTRAS TECNOLOG\u00cdAS DE RASTREO.<\/p><p>GUR\u00da.LEGAL no utiliza ninguna tecnolog\u00eda de rastreo. Tampoco cuenta con tecnolog\u00eda que de tratamiento automatizado a los datos personales del TITULAR.<\/p><p>8.- MODIFICACIONES AL AVISO DE PRIVACIDAD INTEGRAL.<\/p><p>GUR\u00da.LEGAL podr\u00e1 realizar modificaciones o actualizaciones al presente Aviso de Privacidad Integral, derivadas de nuevos requerimientos legales, necesidades propias de los servicios, cambios en sus pr\u00e1cticas de privacidad o variaciones en su modelo de negocio.<\/p><p>Por lo que GUR\u00da.LEGAL mantendr\u00e1 informado al TITULAR sobre los cambios que pueda sufrir el Aviso de Privacidad Integral, mediante publicaci\u00f3n realizada en el PORTAL, dentro de los 5 (cinco) d\u00edas h\u00e1biles anteriores a que sea efectiva la modificaci\u00f3n o actualizaci\u00f3n respectiva, conservando el TITULAR el derecho de revocar su consentimiento respecto al tratamiento de sus datos personales de conformidad con el procedimiento establecido.<\/p><p>9.- AUTORIDAD EN MATERIA DE PROTECCI\u00d3N DE DATOS PERSONALES.<\/p><p>Si el TITULAR considera que su derecho a la protecci\u00f3n de sus datos personales ha sido lesionado por alguna conducta u omisi\u00f3n de parte de GUR\u00da.LEGAL , o presume alguna violaci\u00f3n a las disposiciones previstas en la Ley Federal de Protecci\u00f3n de Datos Personales en Posesi\u00f3n de los Particulares y su Reglamento, podr\u00e1 interponer su inconformidad, denuncia o solicitud de protecci\u00f3n de derechos ante la autoridad denominada Transparencia para el Pueblo, adscrita a la Secretar\u00eda Anticorrupci\u00f3n y Buen Gobierno, a trav\u00e9s de los medios que la autoridad determine.<\/p><p>\u00daLTIMA ACTUALIZACI\u00d3N: 16 DE OCTUBRE DE 2025.<\/p>\t\t\t\t\t\t\t\t<\/div>\n\t\t\t\t\t<\/div>\n\t\t\t\t<\/div>\n\t\t\t\t<\/div>","protected":false},"excerpt":{"rendered":"<p>AVISO DE PRIVACIDAD INTEGRAL En cumplimiento a lo dispuesto en la Ley Federal de Protecci\u00f3n de Datos Personales en Posesi\u00f3n de los Particulares y su Reglamento (en adelante, la \u201cLey\u201d), GUR\u00da LEGAL 2.0, SC (en adelante, &#8220;GUR\u00da.LEGAL&#8221;) y con domicilio ubicado en Acordada 25, San Jos\u00e9 Insurgente, Benito Ju\u00e1rez, Ciudad de M\u00e9xico, 03020, es responsable [&hellip;]<\/p>","protected":false},"author":1,"featured_media":0,"parent":0,"menu_order":0,"comment_status":"closed","ping_status":"open","template":"","meta":{"footnotes":""},"class_list":["post-3","page","type-page","status-publish","hentry"],"_links":{"self":[{"href":"https:\/\/guru.legal\/en\/wp-json\/wp\/v2\/pages\/3","targetHints":{"allow":["GET"]}}],"collection":[{"href":"https:\/\/guru.legal\/en\/wp-json\/wp\/v2\/pages"}],"about":[{"href":"https:\/\/guru.legal\/en\/wp-json\/wp\/v2\/types\/page"}],"author":[{"embeddable":true,"href":"https:\/\/guru.legal\/en\/wp-json\/wp\/v2\/users\/1"}],"replies":[{"embeddable":true,"href":"https:\/\/guru.legal\/en\/wp-json\/wp\/v2\/comments?post=3"}],"version-history":[{"count":7,"href":"https:\/\/guru.legal\/en\/wp-json\/wp\/v2\/pages\/3\/revisions"}],"predecessor-version":[{"id":14575,"href":"https:\/\/guru.legal\/en\/wp-json\/wp\/v2\/pages\/3\/revisions\/14575"}],"wp:attachment":[{"href":"https:\/\/guru.legal\/en\/wp-json\/wp\/v2\/media?parent=3"}],"curies":[{"name":"wp","href":"https:\/\/api.w.org\/{rel}","templated":true}]}}